{"id":5431,"date":"2025-07-18T16:10:42","date_gmt":"2025-07-18T14:10:42","guid":{"rendered":"https:\/\/brsmotorsport.de\/?page_id=5431"},"modified":"2025-07-19T12:59:55","modified_gmt":"2025-07-19T10:59:55","slug":"presse","status":"publish","type":"page","link":"https:\/\/brsmotorsport.de\/en\/presse\/","title":{"rendered":"Presse"},"content":{"rendered":"<div data-elementor-type=\"wp-page\" data-elementor-id=\"5431\" class=\"elementor elementor-5431\" data-elementor-post-type=\"page\">\n\t\t\t\t<div class=\"elementor-element elementor-element-9c69adb e-flex e-con-boxed e-con e-parent\" data-id=\"9c69adb\" data-element_type=\"container\" data-e-type=\"container\">\n\t\t\t\t\t<div class=\"e-con-inner\">\n\t\t\t\t<div class=\"elementor-element elementor-element-92ce288 elementor-widget elementor-widget-heading\" data-id=\"92ce288\" data-element_type=\"widget\" data-e-type=\"widget\" data-widget_type=\"heading.default\">\n\t\t\t\t<div class=\"elementor-widget-container\">\n\t\t\t\t\t<h2 class=\"elementor-heading-title elementor-size-default\">Presse<\/h2>\t\t\t\t<\/div>\n\t\t\t\t<\/div>\n\t\t\t\t<div class=\"elementor-element elementor-element-790da7a elementor-widget elementor-widget-image\" data-id=\"790da7a\" data-element_type=\"widget\" data-e-type=\"widget\" data-widget_type=\"image.default\">\n\t\t\t\t<div class=\"elementor-widget-container\">\n\t\t\t\t\t\t\t\t\t\t\t\t\t\t\t<img fetchpriority=\"high\" decoding=\"async\" width=\"800\" height=\"534\" src=\"https:\/\/brsmotorsport.de\/wp-content\/uploads\/2025\/07\/3-1024x683.jpg\" class=\"attachment-large size-large wp-image-5432\" alt=\"\" srcset=\"https:\/\/brsmotorsport.de\/wp-content\/uploads\/2025\/07\/3-1024x683.jpg 1024w, https:\/\/brsmotorsport.de\/wp-content\/uploads\/2025\/07\/3-300x200.jpg 300w, https:\/\/brsmotorsport.de\/wp-content\/uploads\/2025\/07\/3-768x512.jpg 768w, https:\/\/brsmotorsport.de\/wp-content\/uploads\/2025\/07\/3-1536x1024.jpg 1536w, https:\/\/brsmotorsport.de\/wp-content\/uploads\/2025\/07\/3-2048x1365.jpg 2048w, https:\/\/brsmotorsport.de\/wp-content\/uploads\/2025\/07\/3-18x12.jpg 18w\" sizes=\"(max-width: 800px) 100vw, 800px\" \/>\t\t\t\t\t\t\t\t\t\t\t\t\t\t\t<\/div>\n\t\t\t\t<\/div>\n\t\t\t\t\t<\/div>\n\t\t\t\t<\/div>\n\t\t<div class=\"elementor-element elementor-element-04f5e91 e-flex e-con-boxed e-con e-parent\" data-id=\"04f5e91\" data-element_type=\"container\" data-e-type=\"container\">\n\t\t\t\t\t<div class=\"e-con-inner\">\n\t\t\t\t<div class=\"elementor-element elementor-element-7a481d6 elementor-widget elementor-widget-text-editor\" data-id=\"7a481d6\" data-element_type=\"widget\" data-e-type=\"widget\" data-widget_type=\"text-editor.default\">\n\t\t\t\t<div class=\"elementor-widget-container\">\n\t\t\t\t\t\t\t\t\t<p><span style=\"font-size: 1rem;\">Sie berichten \u00fcber uns und\/oder ben\u00f6tigen kompakt zusammengefasste Informationen \u00fcber den BRS Motorsport?<\/span><\/p>\n<h6>Auf dieser Seite stellen wir Ihnen alle aktuellen relevanten Informationen \u00fcber uns zum Download bereit. Sollten Sie dar\u00fcber hinaus weitere Fragen haben oder ein pers\u00f6nliches Treffen anstreben stehen wir ihnen unter dem <a href=\"https:\/\/brsmotorsport.de\/en\/kontakt\/\" style=\"\">Kontaktformular&nbsp;<\/a>zur Verf\u00fcgung.<\/h6>\n<p><\/p>\n<h6><span style=\"font-weight: bolder; color: #575756; font-family: dlrg_regular; font-size: 20px;\">So gut wie jeder Text braucht gute Bilder.&nbsp;<\/span><\/h6>\n<h6><span style=\"color: #575756; font-family: dlrg_regular; font-size: 20px;\">Auch diese k\u00f6nnen wir ihnen auf&nbsp; Anfrage bereitstellen. Unsere \u00d6ffentlichkeitsarbeit ist stets bestrebt unsere Veranstaltungen medial zu begleiten und ausdrucksstarkes Bildmaterial zu erstellen. Gerne stellen wir Ihnen dieses Material in einem f\u00fcr Sie geeigneten Format zur Verf\u00fcgung. Schreiben Sie uns daf\u00fcr einfach<\/span><span style=\"color: #575756; font-family: dlrg_regular; font-size: 20px;\">&nbsp;und wir suchen geeignete&nbsp; Bilder f\u00fcr Sie heraus.<\/span><\/h6>\n<p><\/p>\t\t\t\t\t\t\t\t<\/div>\n\t\t\t\t<\/div>\n\t\t\t\t\t<\/div>\n\t\t\t\t<\/div>\n\t\t<div class=\"elementor-element elementor-element-d5c9ffc e-grid e-con-boxed e-con e-parent\" data-id=\"d5c9ffc\" data-element_type=\"container\" data-e-type=\"container\">\n\t\t\t\t\t<div class=\"e-con-inner\">\n\t\t\t\t<div class=\"elementor-element elementor-element-1d90c21 elementor-align-center elementor-widget elementor-widget-button\" data-id=\"1d90c21\" data-element_type=\"widget\" data-e-type=\"widget\" data-widget_type=\"button.default\">\n\t\t\t\t<div class=\"elementor-widget-container\">\n\t\t\t\t\t\t\t\t\t<div class=\"elementor-button-wrapper\">\n\t\t\t\t\t<a class=\"elementor-button elementor-button-link elementor-size-lg\" href=\"https:\/\/www1.wdr.de\/lokalzeit\/fernsehen\/bonn\/der-neue-elektro-rennwagen-der-hochschule-bonn-rhein-sieg-100.html\">\n\t\t\t\t\t\t<span class=\"elementor-button-content-wrapper\">\n\t\t\t\t\t\t\t\t\t<span class=\"elementor-button-text\">WDR Bericht zum Rollout 2025 mit Studio Interview (Severin Hudelmayer, Head of Sponsoring)<\/span>\n\t\t\t\t\t<\/span>\n\t\t\t\t\t<\/a>\n\t\t\t\t<\/div>\n\t\t\t\t\t\t\t\t<\/div>\n\t\t\t\t<\/div>\n\t\t\t\t<div class=\"elementor-element elementor-element-4ab34a5 elementor-align-center elementor-widget elementor-widget-button\" data-id=\"4ab34a5\" data-element_type=\"widget\" data-e-type=\"widget\" data-widget_type=\"button.default\">\n\t\t\t\t<div class=\"elementor-widget-container\">\n\t\t\t\t\t\t\t\t\t<div class=\"elementor-button-wrapper\">\n\t\t\t\t\t<a class=\"elementor-button elementor-button-link elementor-size-lg\" href=\"https:\/\/www.h-brs.de\/de\/kum\/pressemitteilung\/mit-artemis-die-neue-saison-brs-motorsport-stellt-neuen-elektro-rennwagen-vor\">\n\t\t\t\t\t\t<span class=\"elementor-button-content-wrapper\">\n\t\t\t\t\t\t\t\t\t<span class=\"elementor-button-text\">Mit Artemis in die neue Saison: BRS Motorsport stellt neuen Elektro-Rennwagen vor<\/span>\n\t\t\t\t\t<\/span>\n\t\t\t\t\t<\/a>\n\t\t\t\t<\/div>\n\t\t\t\t\t\t\t\t<\/div>\n\t\t\t\t<\/div>\n\t\t\t\t<div class=\"elementor-element elementor-element-07960a3 elementor-align-center elementor-widget elementor-widget-button\" data-id=\"07960a3\" data-element_type=\"widget\" data-e-type=\"widget\" data-widget_type=\"button.default\">\n\t\t\t\t<div class=\"elementor-widget-container\">\n\t\t\t\t\t\t\t\t\t<div class=\"elementor-button-wrapper\">\n\t\t\t\t\t<a class=\"elementor-button elementor-button-link elementor-size-lg\" href=\"https:\/\/www.h-brs.de\/de\/kum\/pressemitteilung\/motorsportteam-der-h-brs-blickt-auf-emotionale-rennsaison-zurueck\">\n\t\t\t\t\t\t<span class=\"elementor-button-content-wrapper\">\n\t\t\t\t\t\t\t\t\t<span class=\"elementor-button-text\">Motorsportteam der H-BRS blickt auf emotionale Rennsaison zur\u00fcck<\/span>\n\t\t\t\t\t<\/span>\n\t\t\t\t\t<\/a>\n\t\t\t\t<\/div>\n\t\t\t\t\t\t\t\t<\/div>\n\t\t\t\t<\/div>\n\t\t\t\t<div class=\"elementor-element elementor-element-facffc6 elementor-align-center elementor-widget elementor-widget-button\" data-id=\"facffc6\" data-element_type=\"widget\" data-e-type=\"widget\" data-widget_type=\"button.default\">\n\t\t\t\t<div class=\"elementor-widget-container\">\n\t\t\t\t\t\t\t\t\t<div class=\"elementor-button-wrapper\">\n\t\t\t\t\t<a class=\"elementor-button elementor-button-link elementor-size-lg\" href=\"https:\/\/www.h-brs.de\/de\/kum\/pressemitteilung\/clever-und-smart-brs-motorsport-stellt-neuen-elektro-rennwagen-vor\">\n\t\t\t\t\t\t<span class=\"elementor-button-content-wrapper\">\n\t\t\t\t\t\t\t\t\t<span class=\"elementor-button-text\">Clever und smart: BRS Motorsport stellt neuen Elektro-Rennwagen vor<\/span>\n\t\t\t\t\t<\/span>\n\t\t\t\t\t<\/a>\n\t\t\t\t<\/div>\n\t\t\t\t\t\t\t\t<\/div>\n\t\t\t\t<\/div>\n\t\t\t\t<div class=\"elementor-element elementor-element-0d1f6f5 elementor-align-center elementor-widget elementor-widget-button\" data-id=\"0d1f6f5\" data-element_type=\"widget\" data-e-type=\"widget\" data-widget_type=\"button.default\">\n\t\t\t\t<div class=\"elementor-widget-container\">\n\t\t\t\t\t\t\t\t\t<div class=\"elementor-button-wrapper\">\n\t\t\t\t\t<a class=\"elementor-button elementor-button-link elementor-size-lg\" href=\"https:\/\/www.h-brs.de\/de\/kum\/pressemitteilung\/saison-2023-fuer-brs-motorsport-eine-achterbahnfahrt-der-emotionen\">\n\t\t\t\t\t\t<span class=\"elementor-button-content-wrapper\">\n\t\t\t\t\t\t\t\t\t<span class=\"elementor-button-text\">Saison 2023 f\u00fcr BRS Motorsport: Eine Achterbahnfahrt der Emotionen <\/span>\n\t\t\t\t\t<\/span>\n\t\t\t\t\t<\/a>\n\t\t\t\t<\/div>\n\t\t\t\t\t\t\t\t<\/div>\n\t\t\t\t<\/div>\n\t\t\t\t\t<\/div>\n\t\t\t\t<\/div>\n\t\t<div class=\"elementor-element elementor-element-444142d e-flex e-con-boxed e-con e-parent\" data-id=\"444142d\" data-element_type=\"container\" data-e-type=\"container\">\n\t\t\t\t\t<div class=\"e-con-inner\">\n\t\t\t\t\t<\/div>\n\t\t\t\t<\/div>\n\t\t\t\t<\/div>","protected":false},"excerpt":{"rendered":"<p>Presse Sie berichten \u00fcber uns und\/oder ben\u00f6tigen kompakt zusammengefasste Informationen \u00fcber den BRS Motorsport? Auf dieser Seite stellen wir Ihnen alle aktuellen relevanten Informationen \u00fcber uns zum Download bereit. Sollten Sie dar\u00fcber hinaus weitere Fragen haben oder ein pers\u00f6nliches Treffen anstreben stehen wir ihnen unter dem Kontaktformular&nbsp;zur Verf\u00fcgung. So gut wie jeder Text braucht gute [&hellip;]<\/p>\n","protected":false},"author":27,"featured_media":0,"parent":0,"menu_order":0,"comment_status":"closed","ping_status":"closed","template":"","meta":{"footnotes":""},"class_list":["post-5431","page","type-page","status-publish","hentry"],"_links":{"self":[{"href":"https:\/\/brsmotorsport.de\/en\/wp-json\/wp\/v2\/pages\/5431","targetHints":{"allow":["GET"]}}],"collection":[{"href":"https:\/\/brsmotorsport.de\/en\/wp-json\/wp\/v2\/pages"}],"about":[{"href":"https:\/\/brsmotorsport.de\/en\/wp-json\/wp\/v2\/types\/page"}],"author":[{"embeddable":true,"href":"https:\/\/brsmotorsport.de\/en\/wp-json\/wp\/v2\/users\/27"}],"replies":[{"embeddable":true,"href":"https:\/\/brsmotorsport.de\/en\/wp-json\/wp\/v2\/comments?post=5431"}],"version-history":[{"count":9,"href":"https:\/\/brsmotorsport.de\/en\/wp-json\/wp\/v2\/pages\/5431\/revisions"}],"predecessor-version":[{"id":5448,"href":"https:\/\/brsmotorsport.de\/en\/wp-json\/wp\/v2\/pages\/5431\/revisions\/5448"}],"wp:attachment":[{"href":"https:\/\/brsmotorsport.de\/en\/wp-json\/wp\/v2\/media?parent=5431"}],"curies":[{"name":"wp","href":"https:\/\/api.w.org\/{rel}","templated":true}]}}