{"id":5099,"date":"2025-02-18T12:18:55","date_gmt":"2025-02-18T11:18:55","guid":{"rendered":"https:\/\/brsmotorsport.de\/?page_id=5099"},"modified":"2025-11-12T10:31:46","modified_gmt":"2025-11-12T09:31:46","slug":"partner-werden","status":"publish","type":"page","link":"https:\/\/brsmotorsport.de\/en\/partner-werden\/","title":{"rendered":"Partner werden"},"content":{"rendered":"<div data-elementor-type=\"wp-page\" data-elementor-id=\"5099\" class=\"elementor elementor-5099\" data-elementor-post-type=\"page\">\n\t\t\t\t<div class=\"elementor-element elementor-element-74692ad e-grid e-con-boxed e-con e-parent\" data-id=\"74692ad\" data-element_type=\"container\" data-e-type=\"container\">\n\t\t\t\t\t<div class=\"e-con-inner\">\n\t\t\t\t<div class=\"elementor-element elementor-element-31ba0ce elementor-widget elementor-widget-heading\" data-id=\"31ba0ce\" data-element_type=\"widget\" data-e-type=\"widget\" data-widget_type=\"heading.default\">\n\t\t\t\t<div class=\"elementor-widget-container\">\n\t\t\t\t\t<h2 class=\"elementor-heading-title elementor-size-default\">Partnerschaft<\/h2>\t\t\t\t<\/div>\n\t\t\t\t<\/div>\n\t\t\t\t<div class=\"elementor-element elementor-element-c108c65 elementor-widget elementor-widget-text-editor\" data-id=\"c108c65\" data-element_type=\"widget\" data-e-type=\"widget\" data-widget_type=\"text-editor.default\">\n\t\t\t\t<div class=\"elementor-widget-container\">\n\t\t\t\t\t\t\t\t\t<p>Unsere Kooperationen sind so vielf\u00e4ltig wie unsere Sponsoren und Partner selbst.<\/p><p>Erfahren Sie mehr \u00fcber alle M\u00f6glichkeiten!<\/p>\t\t\t\t\t\t\t\t<\/div>\n\t\t\t\t<\/div>\n\t\t\t\t\t<\/div>\n\t\t\t\t<\/div>\n\t\t<div class=\"elementor-element elementor-element-57607fc e-flex e-con-boxed e-con e-parent\" data-id=\"57607fc\" data-element_type=\"container\" data-e-type=\"container\">\n\t\t\t\t\t<div class=\"e-con-inner\">\n\t\t\t\t<div class=\"elementor-element elementor-element-3f4970c elementor-widget elementor-widget-image\" data-id=\"3f4970c\" data-element_type=\"widget\" data-e-type=\"widget\" data-widget_type=\"image.default\">\n\t\t\t\t<div class=\"elementor-widget-container\">\n\t\t\t\t\t\t\t\t\t\t\t\t\t\t\t<img fetchpriority=\"high\" decoding=\"async\" width=\"800\" height=\"534\" src=\"https:\/\/brsmotorsport.de\/wp-content\/uploads\/2025\/02\/159-DSC05028-1024x683.jpg\" class=\"attachment-large size-large wp-image-5103\" alt=\"\" srcset=\"https:\/\/brsmotorsport.de\/wp-content\/uploads\/2025\/02\/159-DSC05028-1024x683.jpg 1024w, https:\/\/brsmotorsport.de\/wp-content\/uploads\/2025\/02\/159-DSC05028-300x200.jpg 300w, https:\/\/brsmotorsport.de\/wp-content\/uploads\/2025\/02\/159-DSC05028-768x512.jpg 768w, https:\/\/brsmotorsport.de\/wp-content\/uploads\/2025\/02\/159-DSC05028-1536x1024.jpg 1536w, https:\/\/brsmotorsport.de\/wp-content\/uploads\/2025\/02\/159-DSC05028-18x12.jpg 18w, https:\/\/brsmotorsport.de\/wp-content\/uploads\/2025\/02\/159-DSC05028.jpg 2048w\" sizes=\"(max-width: 800px) 100vw, 800px\" \/>\t\t\t\t\t\t\t\t\t\t\t\t\t\t\t<\/div>\n\t\t\t\t<\/div>\n\t\t\t\t\t<\/div>\n\t\t\t\t<\/div>\n\t\t<div class=\"elementor-element elementor-element-4919778 e-flex e-con-boxed e-con e-parent\" data-id=\"4919778\" data-element_type=\"container\" data-e-type=\"container\">\n\t\t\t\t\t<div class=\"e-con-inner\">\n\t\t\t\t<div class=\"elementor-element elementor-element-c506aa5 elementor-widget-divider--view-line elementor-widget elementor-widget-divider\" data-id=\"c506aa5\" data-element_type=\"widget\" data-e-type=\"widget\" data-widget_type=\"divider.default\">\n\t\t\t\t<div class=\"elementor-widget-container\">\n\t\t\t\t\t\t\t<div class=\"elementor-divider\">\n\t\t\t<span class=\"elementor-divider-separator\">\n\t\t\t\t\t\t<\/span>\n\t\t<\/div>\n\t\t\t\t\t\t<\/div>\n\t\t\t\t<\/div>\n\t\t\t\t\t<\/div>\n\t\t\t\t<\/div>\n\t\t<div class=\"elementor-element elementor-element-d9dfc1b e-flex e-con-boxed e-con e-parent\" data-id=\"d9dfc1b\" data-element_type=\"container\" data-e-type=\"container\">\n\t\t\t\t\t<div class=\"e-con-inner\">\n\t\t\t\t<div class=\"elementor-element elementor-element-3f45e10 elementor-widget elementor-widget-heading\" data-id=\"3f45e10\" data-element_type=\"widget\" data-e-type=\"widget\" data-widget_type=\"heading.default\">\n\t\t\t\t<div class=\"elementor-widget-container\">\n\t\t\t\t\t<h2 class=\"elementor-heading-title elementor-size-default\">\"There are only two forms of motorsport in the world where innovation still really counts: Formula 1 and Formula Student.\"<\/h2>\t\t\t\t<\/div>\n\t\t\t\t<\/div>\n\t\t\t\t<div class=\"elementor-element elementor-element-96cf3c4 elementor-widget elementor-widget-text-editor\" data-id=\"96cf3c4\" data-element_type=\"widget\" data-e-type=\"widget\" data-widget_type=\"text-editor.default\">\n\t\t\t\t<div class=\"elementor-widget-container\">\n\t\t\t\t\t\t\t\t\t<p>Ross Brawn, Technischer Direktor und Teamchef mehrerer Formel 1 Teams und FIA F1 Sportdirektor<\/p>\t\t\t\t\t\t\t\t<\/div>\n\t\t\t\t<\/div>\n\t\t\t\t\t<\/div>\n\t\t\t\t<\/div>\n\t\t<div class=\"elementor-element elementor-element-7f06c0d e-flex e-con-boxed e-con e-parent\" data-id=\"7f06c0d\" data-element_type=\"container\" data-e-type=\"container\">\n\t\t\t\t\t<div class=\"e-con-inner\">\n\t\t\t\t<div class=\"elementor-element elementor-element-09707dd elementor-widget-divider--view-line elementor-widget elementor-widget-divider\" data-id=\"09707dd\" data-element_type=\"widget\" data-e-type=\"widget\" data-widget_type=\"divider.default\">\n\t\t\t\t<div class=\"elementor-widget-container\">\n\t\t\t\t\t\t\t<div class=\"elementor-divider\">\n\t\t\t<span class=\"elementor-divider-separator\">\n\t\t\t\t\t\t<\/span>\n\t\t<\/div>\n\t\t\t\t\t\t<\/div>\n\t\t\t\t<\/div>\n\t\t\t\t<div class=\"elementor-element elementor-element-3b9dce8 elementor-widget elementor-widget-heading\" data-id=\"3b9dce8\" data-element_type=\"widget\" data-e-type=\"widget\" data-widget_type=\"heading.default\">\n\t\t\t\t<div class=\"elementor-widget-container\">\n\t\t\t\t\t<h2 class=\"elementor-heading-title elementor-size-default\">Ihre Unterst\u00fctzung<br><\/h2>\t\t\t\t<\/div>\n\t\t\t\t<\/div>\n\t\t\t\t\t<\/div>\n\t\t\t\t<\/div>\n\t\t<div class=\"elementor-element elementor-element-8106dc6 e-grid e-con-boxed e-con e-parent\" data-id=\"8106dc6\" data-element_type=\"container\" data-e-type=\"container\">\n\t\t\t\t\t<div class=\"e-con-inner\">\n\t\t\t\t<div class=\"elementor-element elementor-element-271b3e6 elementor-widget elementor-widget-heading\" data-id=\"271b3e6\" data-element_type=\"widget\" data-e-type=\"widget\" data-widget_type=\"heading.default\">\n\t\t\t\t<div class=\"elementor-widget-container\">\n\t\t\t\t\t<h2 class=\"elementor-heading-title elementor-size-default\">Monet\u00e4re Unterst\u00fctzung<\/h2>\t\t\t\t<\/div>\n\t\t\t\t<\/div>\n\t\t\t\t<div class=\"elementor-element elementor-element-12f428c elementor-widget elementor-widget-image\" data-id=\"12f428c\" data-element_type=\"widget\" data-e-type=\"widget\" data-widget_type=\"image.default\">\n\t\t\t\t<div class=\"elementor-widget-container\">\n\t\t\t\t\t\t\t\t\t\t\t\t\t\t\t<img decoding=\"async\" width=\"800\" height=\"533\" src=\"https:\/\/brsmotorsport.de\/wp-content\/uploads\/2025\/02\/WhatsApp-Bild-2025-01-03-um-12.53.29_a7ddb1f1-1024x682.jpg\" class=\"attachment-large size-large wp-image-5105\" alt=\"\" srcset=\"https:\/\/brsmotorsport.de\/wp-content\/uploads\/2025\/02\/WhatsApp-Bild-2025-01-03-um-12.53.29_a7ddb1f1-1024x682.jpg 1024w, https:\/\/brsmotorsport.de\/wp-content\/uploads\/2025\/02\/WhatsApp-Bild-2025-01-03-um-12.53.29_a7ddb1f1-300x200.jpg 300w, https:\/\/brsmotorsport.de\/wp-content\/uploads\/2025\/02\/WhatsApp-Bild-2025-01-03-um-12.53.29_a7ddb1f1-768x512.jpg 768w, https:\/\/brsmotorsport.de\/wp-content\/uploads\/2025\/02\/WhatsApp-Bild-2025-01-03-um-12.53.29_a7ddb1f1-1536x1024.jpg 1536w, https:\/\/brsmotorsport.de\/wp-content\/uploads\/2025\/02\/WhatsApp-Bild-2025-01-03-um-12.53.29_a7ddb1f1-2048x1365.jpg 2048w, https:\/\/brsmotorsport.de\/wp-content\/uploads\/2025\/02\/WhatsApp-Bild-2025-01-03-um-12.53.29_a7ddb1f1-18x12.jpg 18w\" sizes=\"(max-width: 800px) 100vw, 800px\" \/>\t\t\t\t\t\t\t\t\t\t\t\t\t\t\t<\/div>\n\t\t\t\t<\/div>\n\t\t\t\t<div class=\"elementor-element elementor-element-b6760d1 elementor-widget elementor-widget-text-editor\" data-id=\"b6760d1\" data-element_type=\"widget\" data-e-type=\"widget\" data-widget_type=\"text-editor.default\">\n\t\t\t\t<div class=\"elementor-widget-container\">\n\t\t\t\t\t\t\t\t\t<p>Werden Sie Partner und unterst\u00fctzen Sie die Entwicklung und Fertigung unserer zuk\u00fcnftigen Rennwagen.\u00a0<\/p>\t\t\t\t\t\t\t\t<\/div>\n\t\t\t\t<\/div>\n\t\t\t\t<div class=\"elementor-element elementor-element-03c8025 elementor-widget elementor-widget-heading\" data-id=\"03c8025\" data-element_type=\"widget\" data-e-type=\"widget\" data-widget_type=\"heading.default\">\n\t\t\t\t<div class=\"elementor-widget-container\">\n\t\t\t\t\t<h2 class=\"elementor-heading-title elementor-size-default\">Fertigungskapazit\u00e4t<\/h2>\t\t\t\t<\/div>\n\t\t\t\t<\/div>\n\t\t\t\t<div class=\"elementor-element elementor-element-1d98021 elementor-widget elementor-widget-image\" data-id=\"1d98021\" data-element_type=\"widget\" data-e-type=\"widget\" data-widget_type=\"image.default\">\n\t\t\t\t<div class=\"elementor-widget-container\">\n\t\t\t\t\t\t\t\t\t\t\t\t\t\t\t<img decoding=\"async\" width=\"800\" height=\"534\" src=\"https:\/\/brsmotorsport.de\/wp-content\/uploads\/2025\/02\/signal-2024-09-23-120019_008-1024x683.jpeg\" class=\"attachment-large size-large wp-image-5106\" alt=\"\" srcset=\"https:\/\/brsmotorsport.de\/wp-content\/uploads\/2025\/02\/signal-2024-09-23-120019_008-1024x683.jpeg 1024w, https:\/\/brsmotorsport.de\/wp-content\/uploads\/2025\/02\/signal-2024-09-23-120019_008-300x200.jpeg 300w, https:\/\/brsmotorsport.de\/wp-content\/uploads\/2025\/02\/signal-2024-09-23-120019_008-768x512.jpeg 768w, https:\/\/brsmotorsport.de\/wp-content\/uploads\/2025\/02\/signal-2024-09-23-120019_008-1536x1024.jpeg 1536w, https:\/\/brsmotorsport.de\/wp-content\/uploads\/2025\/02\/signal-2024-09-23-120019_008-2048x1366.jpeg 2048w, https:\/\/brsmotorsport.de\/wp-content\/uploads\/2025\/02\/signal-2024-09-23-120019_008-18x12.jpeg 18w\" sizes=\"(max-width: 800px) 100vw, 800px\" \/>\t\t\t\t\t\t\t\t\t\t\t\t\t\t\t<\/div>\n\t\t\t\t<\/div>\n\t\t\t\t<div class=\"elementor-element elementor-element-2542132 elementor-widget elementor-widget-text-editor\" data-id=\"2542132\" data-element_type=\"widget\" data-e-type=\"widget\" data-widget_type=\"text-editor.default\">\n\t\t\t\t<div class=\"elementor-widget-container\">\n\t\t\t\t\t\t\t\t\t<p>Werden Sie Partner und unterst\u00fctzen uns bei der Fertigung von Teilen. Egal ob CNC Fr\u00e4sen, Drehen oder Additive Fertigung gemeinsam fertigen wir spannende und innovative teile f\u00fcr unseren Rennwagen.<\/p>\t\t\t\t\t\t\t\t<\/div>\n\t\t\t\t<\/div>\n\t\t\t\t<div class=\"elementor-element elementor-element-7127a7c elementor-widget elementor-widget-heading\" data-id=\"7127a7c\" data-element_type=\"widget\" data-e-type=\"widget\" data-widget_type=\"heading.default\">\n\t\t\t\t<div class=\"elementor-widget-container\">\n\t\t\t\t\t<h2 class=\"elementor-heading-title elementor-size-default\">Wissensaustausch<\/h2>\t\t\t\t<\/div>\n\t\t\t\t<\/div>\n\t\t\t\t<div class=\"elementor-element elementor-element-3567dfe elementor-widget elementor-widget-image\" data-id=\"3567dfe\" data-element_type=\"widget\" data-e-type=\"widget\" data-widget_type=\"image.default\">\n\t\t\t\t<div class=\"elementor-widget-container\">\n\t\t\t\t\t\t\t\t\t\t\t\t\t\t\t<img loading=\"lazy\" decoding=\"async\" width=\"800\" height=\"534\" src=\"https:\/\/brsmotorsport.de\/wp-content\/uploads\/2025\/02\/img_7974-1024x683.jpg\" class=\"attachment-large size-large wp-image-5107\" alt=\"\" srcset=\"https:\/\/brsmotorsport.de\/wp-content\/uploads\/2025\/02\/img_7974-1024x683.jpg 1024w, https:\/\/brsmotorsport.de\/wp-content\/uploads\/2025\/02\/img_7974-300x200.jpg 300w, https:\/\/brsmotorsport.de\/wp-content\/uploads\/2025\/02\/img_7974-768x512.jpg 768w, https:\/\/brsmotorsport.de\/wp-content\/uploads\/2025\/02\/img_7974-1536x1024.jpg 1536w, https:\/\/brsmotorsport.de\/wp-content\/uploads\/2025\/02\/img_7974-2048x1365.jpg 2048w, https:\/\/brsmotorsport.de\/wp-content\/uploads\/2025\/02\/img_7974-18x12.jpg 18w\" sizes=\"(max-width: 800px) 100vw, 800px\" \/>\t\t\t\t\t\t\t\t\t\t\t\t\t\t\t<\/div>\n\t\t\t\t<\/div>\n\t\t\t\t<div class=\"elementor-element elementor-element-a976840 elementor-widget elementor-widget-text-editor\" data-id=\"a976840\" data-element_type=\"widget\" data-e-type=\"widget\" data-widget_type=\"text-editor.default\">\n\t\t\t\t<div class=\"elementor-widget-container\">\n\t\t\t\t\t\t\t\t\t<p><span style=\"color: #777777; font-family: -apple-system, BlinkMacSystemFont, 'Segoe UI', Roboto, Oxygen-Sans, Ubuntu, Cantarell, 'Helvetica Neue', sans-serif, -apple-system, BlinkMacSystemFont, 'Segoe UI', Roboto, Oxygen-Sans, Ubuntu, Cantarell, 'Helvetica Neue', sans-serif; font-size: 15px;\">Als Studierende machen wir vieles zum ersten Mal. Auch sind die kreativen Ideen unserer Mitglieder nicht immer die technisch idealtypische L\u00f6sung. Durch den Austausch aus der Wirtschaft k\u00f6nnen wir dem nicht nur entgegenwirken, sondern unsere Mitglieder erhalten auch eine einzigartige Ausbildung.<\/span><\/p>\t\t\t\t\t\t\t\t<\/div>\n\t\t\t\t<\/div>\n\t\t\t\t\t<\/div>\n\t\t\t\t<\/div>\n\t\t<div class=\"elementor-element elementor-element-5a97117 e-flex e-con-boxed e-con e-parent\" data-id=\"5a97117\" data-element_type=\"container\" data-e-type=\"container\">\n\t\t\t\t\t<div class=\"e-con-inner\">\n\t\t\t\t<div class=\"elementor-element elementor-element-ec99c12 elementor-widget-divider--view-line elementor-widget elementor-widget-divider\" data-id=\"ec99c12\" data-element_type=\"widget\" data-e-type=\"widget\" data-widget_type=\"divider.default\">\n\t\t\t\t<div class=\"elementor-widget-container\">\n\t\t\t\t\t\t\t<div class=\"elementor-divider\">\n\t\t\t<span class=\"elementor-divider-separator\">\n\t\t\t\t\t\t<\/span>\n\t\t<\/div>\n\t\t\t\t\t\t<\/div>\n\t\t\t\t<\/div>\n\t\t\t\t\t<\/div>\n\t\t\t\t<\/div>\n\t\t<div class=\"elementor-element elementor-element-a28e08d e-flex e-con-boxed e-con e-parent\" data-id=\"a28e08d\" data-element_type=\"container\" data-e-type=\"container\">\n\t\t\t\t\t<div class=\"e-con-inner\">\n\t\t\t\t<div class=\"elementor-element elementor-element-1404cd6 elementor-widget-mobile__width-initial elementor-widget elementor-widget-heading\" data-id=\"1404cd6\" data-element_type=\"widget\" data-e-type=\"widget\" data-widget_type=\"heading.default\">\n\t\t\t\t<div class=\"elementor-widget-container\">\n\t\t\t\t\t<h2 class=\"elementor-heading-title elementor-size-default\">Unsere Gegenleistungen<\/h2>\t\t\t\t<\/div>\n\t\t\t\t<\/div>\n\t\t\t\t\t<\/div>\n\t\t\t\t<\/div>\n\t\t<div class=\"elementor-element elementor-element-026784f e-flex e-con-boxed e-con e-parent\" data-id=\"026784f\" data-element_type=\"container\" data-e-type=\"container\">\n\t\t\t\t\t<div class=\"e-con-inner\">\n\t\t\t\t<div class=\"elementor-element elementor-element-bbf4d0e elementor-widget elementor-widget-heading\" data-id=\"bbf4d0e\" data-element_type=\"widget\" data-e-type=\"widget\" data-widget_type=\"heading.default\">\n\t\t\t\t<div class=\"elementor-widget-container\">\n\t\t\t\t\t<h2 class=\"elementor-heading-title elementor-size-default\">Promotion<\/h2>\t\t\t\t<\/div>\n\t\t\t\t<\/div>\n\t\t\t\t\t<\/div>\n\t\t\t\t<\/div>\n\t\t<div class=\"elementor-element elementor-element-b359d4f e-grid e-con-boxed e-con e-parent\" data-id=\"b359d4f\" data-element_type=\"container\" data-e-type=\"container\">\n\t\t\t\t\t<div class=\"e-con-inner\">\n\t\t\t\t<div class=\"elementor-element elementor-element-14afc74 elementor-widget elementor-widget-text-editor\" data-id=\"14afc74\" data-element_type=\"widget\" data-e-type=\"widget\" data-widget_type=\"text-editor.default\">\n\t\t\t\t<div class=\"elementor-widget-container\">\n\t\t\t\t\t\t\t\t\t<p><span style=\"color: #777777; font-family: -apple-system, BlinkMacSystemFont, 'Segoe UI', Roboto, Oxygen-Sans, Ubuntu, Cantarell, 'Helvetica Neue', sans-serif, -apple-system, BlinkMacSystemFont, 'Segoe UI', Roboto, Oxygen-Sans, Ubuntu, Cantarell, 'Helvetica Neue', sans-serif; font-size: 15px;\">Das Logo auf unserem Wagen und der Website, oder darf es auch noch mehr sein? \u00dcber Print und Social Media gibt es so einige M\u00f6glichkeiten zusammenzuarbeiten und unsere Partner in einem dynamischen Umfeld zu pr\u00e4sentieren<\/span><\/p>\t\t\t\t\t\t\t\t<\/div>\n\t\t\t\t<\/div>\n\t\t\t\t<div class=\"elementor-element elementor-element-f41b941 elementor-widget elementor-widget-image\" data-id=\"f41b941\" data-element_type=\"widget\" data-e-type=\"widget\" data-widget_type=\"image.default\">\n\t\t\t\t<div class=\"elementor-widget-container\">\n\t\t\t\t\t\t\t\t\t\t\t\t\t\t\t<img loading=\"lazy\" decoding=\"async\" width=\"768\" height=\"512\" src=\"https:\/\/brsmotorsport.de\/wp-content\/uploads\/2024\/10\/signal-2024-09-22-221516_002-768x512.jpeg\" class=\"attachment-medium_large size-medium_large wp-image-4779\" alt=\"\" srcset=\"https:\/\/brsmotorsport.de\/wp-content\/uploads\/2024\/10\/signal-2024-09-22-221516_002-768x512.jpeg 768w, https:\/\/brsmotorsport.de\/wp-content\/uploads\/2024\/10\/signal-2024-09-22-221516_002-300x200.jpeg 300w, https:\/\/brsmotorsport.de\/wp-content\/uploads\/2024\/10\/signal-2024-09-22-221516_002-1024x683.jpeg 1024w, https:\/\/brsmotorsport.de\/wp-content\/uploads\/2024\/10\/signal-2024-09-22-221516_002-1536x1024.jpeg 1536w, https:\/\/brsmotorsport.de\/wp-content\/uploads\/2024\/10\/signal-2024-09-22-221516_002-2048x1366.jpeg 2048w, https:\/\/brsmotorsport.de\/wp-content\/uploads\/2024\/10\/signal-2024-09-22-221516_002-18x12.jpeg 18w\" sizes=\"(max-width: 768px) 100vw, 768px\" \/>\t\t\t\t\t\t\t\t\t\t\t\t\t\t\t<\/div>\n\t\t\t\t<\/div>\n\t\t\t\t\t<\/div>\n\t\t\t\t<\/div>\n\t\t<div class=\"elementor-element elementor-element-4c97ec4 e-flex e-con-boxed e-con e-parent\" data-id=\"4c97ec4\" data-element_type=\"container\" data-e-type=\"container\">\n\t\t\t\t\t<div class=\"e-con-inner\">\n\t\t\t\t<div class=\"elementor-element elementor-element-f65104e elementor-widget elementor-widget-heading\" data-id=\"f65104e\" data-element_type=\"widget\" data-e-type=\"widget\" data-widget_type=\"heading.default\">\n\t\t\t\t<div class=\"elementor-widget-container\">\n\t\t\t\t\t<h2 class=\"elementor-heading-title elementor-size-default\">Event Unterst\u00fctzung<\/h2>\t\t\t\t<\/div>\n\t\t\t\t<\/div>\n\t\t\t\t\t<\/div>\n\t\t\t\t<\/div>\n\t\t<div class=\"elementor-element elementor-element-52e67c2 e-flex e-con-boxed e-con e-parent\" data-id=\"52e67c2\" data-element_type=\"container\" data-e-type=\"container\">\n\t\t\t\t\t<div class=\"e-con-inner\">\n\t\t<div class=\"elementor-element elementor-element-55ab4fd e-con-full e-flex e-con e-child\" data-id=\"55ab4fd\" data-element_type=\"container\" data-e-type=\"container\">\n\t\t\t\t<div class=\"elementor-element elementor-element-a224eed elementor-widget elementor-widget-text-editor\" data-id=\"a224eed\" data-element_type=\"widget\" data-e-type=\"widget\" data-widget_type=\"text-editor.default\">\n\t\t\t\t<div class=\"elementor-widget-container\">\n\t\t\t\t\t\t\t\t\t<p>Egal ob Messen, Er\u00f6ffnungen oder Sommerfeste. Wir kommen gerne mit mit unserem Rennwagen oder Simulator vorbei und unterst\u00fctzen Sie, sodass Ihr Event unvergesslich wird.\u00a0<\/p>\t\t\t\t\t\t\t\t<\/div>\n\t\t\t\t<\/div>\n\t\t\t\t<\/div>\n\t\t<div class=\"elementor-element elementor-element-30af606 e-con-full e-flex e-con e-child\" data-id=\"30af606\" data-element_type=\"container\" data-e-type=\"container\">\n\t\t\t\t<div class=\"elementor-element elementor-element-5b80511 elementor-widget elementor-widget-image\" data-id=\"5b80511\" data-element_type=\"widget\" data-e-type=\"widget\" data-widget_type=\"image.default\">\n\t\t\t\t<div class=\"elementor-widget-container\">\n\t\t\t\t\t\t\t\t\t\t\t\t\t\t\t<img loading=\"lazy\" decoding=\"async\" width=\"800\" height=\"381\" src=\"https:\/\/brsmotorsport.de\/wp-content\/uploads\/2025\/02\/simulator_CPA-1024x488.jpg\" class=\"attachment-large size-large wp-image-5142\" alt=\"\" srcset=\"https:\/\/brsmotorsport.de\/wp-content\/uploads\/2025\/02\/simulator_CPA-1024x488.jpg 1024w, https:\/\/brsmotorsport.de\/wp-content\/uploads\/2025\/02\/simulator_CPA-300x143.jpg 300w, https:\/\/brsmotorsport.de\/wp-content\/uploads\/2025\/02\/simulator_CPA-768x366.jpg 768w, https:\/\/brsmotorsport.de\/wp-content\/uploads\/2025\/02\/simulator_CPA-1536x732.jpg 1536w, https:\/\/brsmotorsport.de\/wp-content\/uploads\/2025\/02\/simulator_CPA-18x9.jpg 18w, https:\/\/brsmotorsport.de\/wp-content\/uploads\/2025\/02\/simulator_CPA.jpg 1600w\" sizes=\"(max-width: 800px) 100vw, 800px\" \/>\t\t\t\t\t\t\t\t\t\t\t\t\t\t\t<\/div>\n\t\t\t\t<\/div>\n\t\t\t\t<\/div>\n\t\t\t\t\t<\/div>\n\t\t\t\t<\/div>\n\t\t<div class=\"elementor-element elementor-element-a20814d e-flex e-con-boxed e-con e-parent\" data-id=\"a20814d\" data-element_type=\"container\" data-e-type=\"container\">\n\t\t\t\t\t<div class=\"e-con-inner\">\n\t\t\t\t<div class=\"elementor-element elementor-element-bdc4137 elementor-widget elementor-widget-heading\" data-id=\"bdc4137\" data-element_type=\"widget\" data-e-type=\"widget\" data-widget_type=\"heading.default\">\n\t\t\t\t<div class=\"elementor-widget-container\">\n\t\t\t\t\t<h2 class=\"elementor-heading-title elementor-size-default\">Ein Zugang zur Formula Student<\/h2>\t\t\t\t<\/div>\n\t\t\t\t<\/div>\n\t\t\t\t\t<\/div>\n\t\t\t\t<\/div>\n\t\t<div class=\"elementor-element elementor-element-895c9f1 e-flex e-con-boxed e-con e-parent\" data-id=\"895c9f1\" data-element_type=\"container\" data-e-type=\"container\">\n\t\t\t\t\t<div class=\"e-con-inner\">\n\t\t<div class=\"elementor-element elementor-element-3108eb8 e-con-full e-flex e-con e-child\" data-id=\"3108eb8\" data-element_type=\"container\" data-e-type=\"container\">\n\t\t\t\t<div class=\"elementor-element elementor-element-2a4038f elementor-widget elementor-widget-text-editor\" data-id=\"2a4038f\" data-element_type=\"widget\" data-e-type=\"widget\" data-widget_type=\"text-editor.default\">\n\t\t\t\t<div class=\"elementor-widget-container\">\n\t\t\t\t\t\t\t\t\t<p>&nbsp;<span style=\"color: var( --e-global-color-text ); font-size: 1rem; text-align: var(--text-align);\">Die Formula Student gilt als Talentschmiede. Viele&nbsp;angehende&nbsp;IngenieurInnen haben in der Formula Student ihr Handwerk gelernt.&nbsp;Unser umfangreicher praktischer Erfahrungsschatz, strukturierte Arbeitsweise und l\u00f6sungsorientiertes Denken machen uns zu wertvollen Kandidaten f\u00fcr den Arbeitsmarkt. Dar\u00fcber hinaus wurden in der Historie wichtige Kontakte f\u00fcr Werkstudenten- und Praktikastellen gekn\u00fcpft.<\/span><\/p>\t\t\t\t\t\t\t\t<\/div>\n\t\t\t\t<\/div>\n\t\t\t\t<\/div>\n\t\t<div class=\"elementor-element elementor-element-4f0c59e e-con-full e-flex e-con e-child\" data-id=\"4f0c59e\" data-element_type=\"container\" data-e-type=\"container\">\n\t\t\t\t<div class=\"elementor-element elementor-element-6cf31c0 elementor-widget elementor-widget-image\" data-id=\"6cf31c0\" data-element_type=\"widget\" data-e-type=\"widget\" data-widget_type=\"image.default\">\n\t\t\t\t<div class=\"elementor-widget-container\">\n\t\t\t\t\t\t\t\t\t\t\t\t\t\t\t<img loading=\"lazy\" decoding=\"async\" width=\"800\" height=\"534\" src=\"https:\/\/brsmotorsport.de\/wp-content\/uploads\/2025\/02\/dsc_8116-1024x683.jpg\" class=\"attachment-large size-large wp-image-5143\" alt=\"\" srcset=\"https:\/\/brsmotorsport.de\/wp-content\/uploads\/2025\/02\/dsc_8116-1024x683.jpg 1024w, https:\/\/brsmotorsport.de\/wp-content\/uploads\/2025\/02\/dsc_8116-300x200.jpg 300w, https:\/\/brsmotorsport.de\/wp-content\/uploads\/2025\/02\/dsc_8116-768x512.jpg 768w, https:\/\/brsmotorsport.de\/wp-content\/uploads\/2025\/02\/dsc_8116-1536x1024.jpg 1536w, https:\/\/brsmotorsport.de\/wp-content\/uploads\/2025\/02\/dsc_8116-2048x1365.jpg 2048w, https:\/\/brsmotorsport.de\/wp-content\/uploads\/2025\/02\/dsc_8116-18x12.jpg 18w\" sizes=\"(max-width: 800px) 100vw, 800px\" \/>\t\t\t\t\t\t\t\t\t\t\t\t\t\t\t<\/div>\n\t\t\t\t<\/div>\n\t\t\t\t<\/div>\n\t\t\t\t\t<\/div>\n\t\t\t\t<\/div>\n\t\t<div class=\"elementor-element elementor-element-0de14d9 e-grid e-con-boxed e-con e-parent\" data-id=\"0de14d9\" data-element_type=\"container\" data-e-type=\"container\">\n\t\t\t\t\t<div class=\"e-con-inner\">\n\t\t\t\t<div class=\"elementor-element elementor-element-865dd40 elementor-widget elementor-widget-heading\" data-id=\"865dd40\" data-element_type=\"widget\" data-e-type=\"widget\" data-widget_type=\"heading.default\">\n\t\t\t\t<div class=\"elementor-widget-container\">\n\t\t\t\t\t<h2 class=\"elementor-heading-title elementor-size-default\">Wir bedanken und bei allen Partner und freuen uns immer \u00fcber neue Kontakte.<\/h2>\t\t\t\t<\/div>\n\t\t\t\t<\/div>\n\t\t\t\t<div class=\"elementor-element elementor-element-a14e06d elementor-align-center elementor-widget elementor-widget-button\" data-id=\"a14e06d\" data-element_type=\"widget\" data-e-type=\"widget\" data-widget_type=\"button.default\">\n\t\t\t\t<div class=\"elementor-widget-container\">\n\t\t\t\t\t\t\t\t\t<div class=\"elementor-button-wrapper\">\n\t\t\t\t\t<a class=\"elementor-button elementor-button-link elementor-size-sm\" href=\"https:\/\/brsmotorsport.de\/en\/kontakt\/\">\n\t\t\t\t\t\t<span class=\"elementor-button-content-wrapper\">\n\t\t\t\t\t\t\t\t\t<span class=\"elementor-button-text\">Kontakt<\/span>\n\t\t\t\t\t<\/span>\n\t\t\t\t\t<\/a>\n\t\t\t\t<\/div>\n\t\t\t\t\t\t\t\t<\/div>\n\t\t\t\t<\/div>\n\t\t\t\t\t<\/div>\n\t\t\t\t<\/div>\n\t\t\t\t<\/div>","protected":false},"excerpt":{"rendered":"<p>Partnerschaft Unsere Kooperationen sind so vielf\u00e4ltig wie unsere Sponsoren und Partner selbst. Erfahren Sie mehr \u00fcber alle M\u00f6glichkeiten! &#8222;There are only two forms of motorsport in the world where innovation still really counts: Formula 1 and Formula Student.&#8220; Ross Brawn, Technischer Direktor und Teamchef mehrerer Formel 1 Teams und FIA F1 Sportdirektor Ihre Unterst\u00fctzung Monet\u00e4re [&hellip;]<\/p>\n","protected":false},"author":27,"featured_media":0,"parent":0,"menu_order":0,"comment_status":"closed","ping_status":"closed","template":"","meta":{"footnotes":""},"class_list":["post-5099","page","type-page","status-publish","hentry"],"_links":{"self":[{"href":"https:\/\/brsmotorsport.de\/en\/wp-json\/wp\/v2\/pages\/5099","targetHints":{"allow":["GET"]}}],"collection":[{"href":"https:\/\/brsmotorsport.de\/en\/wp-json\/wp\/v2\/pages"}],"about":[{"href":"https:\/\/brsmotorsport.de\/en\/wp-json\/wp\/v2\/types\/page"}],"author":[{"embeddable":true,"href":"https:\/\/brsmotorsport.de\/en\/wp-json\/wp\/v2\/users\/27"}],"replies":[{"embeddable":true,"href":"https:\/\/brsmotorsport.de\/en\/wp-json\/wp\/v2\/comments?post=5099"}],"version-history":[{"count":65,"href":"https:\/\/brsmotorsport.de\/en\/wp-json\/wp\/v2\/pages\/5099\/revisions"}],"predecessor-version":[{"id":5534,"href":"https:\/\/brsmotorsport.de\/en\/wp-json\/wp\/v2\/pages\/5099\/revisions\/5534"}],"wp:attachment":[{"href":"https:\/\/brsmotorsport.de\/en\/wp-json\/wp\/v2\/media?parent=5099"}],"curies":[{"name":"wp","href":"https:\/\/api.w.org\/{rel}","templated":true}]}}