{"id":3303,"date":"2022-08-24T17:34:39","date_gmt":"2022-08-24T15:34:39","guid":{"rendered":"https:\/\/brsmotorsport.de\/?page_id=3303"},"modified":"2022-09-04T14:26:24","modified_gmt":"2022-09-04T12:26:24","slug":"unser-workflow","status":"publish","type":"page","link":"https:\/\/brsmotorsport.de\/en\/unser-workflow\/","title":{"rendered":"Our Workflow"},"content":{"rendered":"<div data-elementor-type=\"wp-page\" data-elementor-id=\"3303\" class=\"elementor elementor-3303\" data-elementor-post-type=\"page\">\n\t\t\t\t\t\t<section class=\"elementor-section elementor-top-section elementor-element elementor-element-5a263a3 elementor-section-boxed elementor-section-height-default elementor-section-height-default\" data-id=\"5a263a3\" data-element_type=\"section\" data-e-type=\"section\">\n\t\t\t\t\t\t<div class=\"elementor-container elementor-column-gap-default\">\n\t\t\t\t\t<div class=\"elementor-column elementor-col-100 elementor-top-column elementor-element elementor-element-d519c63\" data-id=\"d519c63\" data-element_type=\"column\" data-e-type=\"column\">\n\t\t\t<div class=\"elementor-widget-wrap elementor-element-populated\">\n\t\t\t\t\t\t<div class=\"elementor-element elementor-element-af04575 elementor-blockquote--skin-boxed elementor-widget elementor-widget-blockquote\" data-id=\"af04575\" data-element_type=\"widget\" data-e-type=\"widget\" data-widget_type=\"blockquote.default\">\n\t\t\t\t<div class=\"elementor-widget-container\">\n\t\t\t\t\t\t\t<blockquote class=\"elementor-blockquote\">\n\t\t\t<p class=\"elementor-blockquote__content\">\n\t\t\t\tWie dr\u00fcckt sich Nachhaltigkeit in unserer Arbeit aus?\t\t\t<\/p>\n\t\t\t\t\t<\/blockquote>\n\t\t\t\t\t\t<\/div>\n\t\t\t\t<\/div>\n\t\t\t\t\t<\/div>\n\t\t<\/div>\n\t\t\t\t\t<\/div>\n\t\t<\/section>\n\t\t\t\t<section class=\"elementor-section elementor-top-section elementor-element elementor-element-3cc401a elementor-section-boxed elementor-section-height-default elementor-section-height-default\" data-id=\"3cc401a\" data-element_type=\"section\" data-e-type=\"section\">\n\t\t\t\t\t\t<div class=\"elementor-container elementor-column-gap-default\">\n\t\t\t\t\t<div class=\"elementor-column elementor-col-50 elementor-top-column elementor-element elementor-element-32d60da\" data-id=\"32d60da\" data-element_type=\"column\" data-e-type=\"column\">\n\t\t\t<div class=\"elementor-widget-wrap elementor-element-populated\">\n\t\t\t\t\t\t<div class=\"elementor-element elementor-element-4fd7e8f elementor-widget elementor-widget-image\" data-id=\"4fd7e8f\" data-element_type=\"widget\" data-e-type=\"widget\" data-widget_type=\"image.default\">\n\t\t\t\t<div class=\"elementor-widget-container\">\n\t\t\t\t\t\t\t\t\t\t\t\t\t\t\t<img fetchpriority=\"high\" decoding=\"async\" width=\"474\" height=\"1024\" src=\"https:\/\/brsmotorsport.de\/wp-content\/uploads\/2022\/08\/workflow-474x1024.jpg\" class=\"attachment-large size-large wp-image-3413\" alt=\"\" srcset=\"https:\/\/brsmotorsport.de\/wp-content\/uploads\/2022\/08\/workflow-474x1024.jpg 474w, https:\/\/brsmotorsport.de\/wp-content\/uploads\/2022\/08\/workflow-139x300.jpg 139w, https:\/\/brsmotorsport.de\/wp-content\/uploads\/2022\/08\/workflow.jpg 500w\" sizes=\"(max-width: 474px) 100vw, 474px\" \/>\t\t\t\t\t\t\t\t\t\t\t\t\t\t\t<\/div>\n\t\t\t\t<\/div>\n\t\t\t\t\t<\/div>\n\t\t<\/div>\n\t\t\t\t<div class=\"elementor-column elementor-col-50 elementor-top-column elementor-element elementor-element-4736082\" data-id=\"4736082\" data-element_type=\"column\" data-e-type=\"column\">\n\t\t\t<div class=\"elementor-widget-wrap elementor-element-populated\">\n\t\t\t\t\t\t<div class=\"elementor-element elementor-element-7d20749 elementor-widget elementor-widget-text-editor\" data-id=\"7d20749\" data-element_type=\"widget\" data-e-type=\"widget\" data-widget_type=\"text-editor.default\">\n\t\t\t\t<div class=\"elementor-widget-container\">\n\t\t\t\t\t\t\t\t\t<p>Das Team hat sich einen Workflow ausgearbeitet, mit welchem verschiedene Aspekte (u.a. rund um das Thema Nachhaltigkeit, also Ressourcenschonung bzw. Energieeffizienz) bei der Entwicklung des Rennwagens analysiert und angepasst werden.<\/p>\n<p>Der erste Schritt ist zun\u00e4chst das Verstehen von den technischen Anforderungen sowie die Auswirkungen auf die Umwelt. Hierf\u00fcr werden LCA (Life cycle analysis, deutsch: \u00d6kobilanzierung) erstellt um ein besseres Verst\u00e4ndnis zu bekommen.&nbsp;Der n\u00e4chste Schritt ist das Suchen und Vergleichen von Alternativen. Sofern man eine bessere Alternative gefunden hat, muss das ganze getestet und validiert werden. Der letzte Schritt ist das Austauschen mit der ausgew\u00e4hlten Alternative.<\/p>\n<p>So hat sich unser Team z.B. seit 2019 f\u00fcr ein umweltfreundlicheres, pflanzenbasierendes Harz entschieden, welches dieselben technischen Anforderungen erf\u00fcllt wie zuvor. Ein anderes Beispiel w\u00e4ren Topologie-Optimierungen, welche dazu f\u00fchrt, dass weniger Material f\u00fcr die Fertigung des Rennwagens gebraucht wird. Dies mag nur wie ein kleiner Erfolg scheinen, jedoch kann mit diesem Step-By-Step Plan das Verst\u00e4ndnis von jungen Ingenieuren aufgenommen werden und die Umwelt Schritt f\u00fcr Schritt besser gestalten. Unsere Teammitglieder sind dank der Vorreiterrolle der H-BRS bei Nachhaltigkeitsthemen aktuell unter den ersten Studierenden, die praktische Erfahrungen im Thema &#8222;Sustainable Engineering&#8220; sammeln k\u00f6nnen, was sich sehr positiv bei der Jobsuche auswirken kann.<\/p>\n<p>Auch eine Kostenoptimierung ist ein wichtiger Bestandteil des Ingenieurwesens, da eine \u00f6konomische Nachhaltigkeit die Grundlage f\u00fcr eine breite Anwendung ist. Das Team muss jedes Jahr einen neuen Rennwagen bauen und muss mit begrenzten finanziellen Mitteln arbeiten. Dies f\u00fchrt dazu, dass die Studierenden nicht immer nur den leichtesten Weg f\u00fcr die Entwicklung und die Fertigung des Rennwagens w\u00e4hlen k\u00f6nnen. Es m\u00fcssen sich zu Beginn der Entwicklung Gedanken gemacht werden, inwiefern sich verschiedene M\u00f6glichkeiten in den Kosten unterscheiden werden und welche Vor-\/Nachteile dies mit sich bringen wird.&nbsp;&nbsp;<\/p>\t\t\t\t\t\t\t\t<\/div>\n\t\t\t\t<\/div>\n\t\t\t\t\t<\/div>\n\t\t<\/div>\n\t\t\t\t\t<\/div>\n\t\t<\/section>\n\t\t\t\t<section class=\"elementor-section elementor-top-section elementor-element elementor-element-482f450 elementor-section-boxed elementor-section-height-default elementor-section-height-default\" data-id=\"482f450\" data-element_type=\"section\" data-e-type=\"section\">\n\t\t\t\t\t\t<div class=\"elementor-container elementor-column-gap-default\">\n\t\t\t\t\t<div class=\"elementor-column elementor-col-100 elementor-top-column elementor-element elementor-element-3b6b5a9\" data-id=\"3b6b5a9\" data-element_type=\"column\" data-e-type=\"column\">\n\t\t\t<div class=\"elementor-widget-wrap\">\n\t\t\t\t\t\t\t<\/div>\n\t\t<\/div>\n\t\t\t\t\t<\/div>\n\t\t<\/section>\n\t\t\t\t<section class=\"elementor-section elementor-top-section elementor-element elementor-element-d113070 elementor-section-boxed elementor-section-height-default elementor-section-height-default\" data-id=\"d113070\" data-element_type=\"section\" data-e-type=\"section\">\n\t\t\t\t\t\t<div class=\"elementor-container elementor-column-gap-default\">\n\t\t\t\t\t<div class=\"elementor-column elementor-col-100 elementor-top-column elementor-element elementor-element-7fae23a\" data-id=\"7fae23a\" data-element_type=\"column\" data-e-type=\"column\">\n\t\t\t<div class=\"elementor-widget-wrap elementor-element-populated\">\n\t\t\t\t\t\t<div class=\"elementor-element elementor-element-292c4e5 elementor-blockquote--skin-boxed elementor-widget elementor-widget-blockquote\" data-id=\"292c4e5\" data-element_type=\"widget\" data-e-type=\"widget\" data-widget_type=\"blockquote.default\">\n\t\t\t\t<div class=\"elementor-widget-container\">\n\t\t\t\t\t\t\t<blockquote class=\"elementor-blockquote\">\n\t\t\t<p class=\"elementor-blockquote__content\">\n\t\t\t\tMake or Buy Decisions\t\t\t<\/p>\n\t\t\t\t\t<\/blockquote>\n\t\t\t\t\t\t<\/div>\n\t\t\t\t<\/div>\n\t\t\t\t\t<\/div>\n\t\t<\/div>\n\t\t\t\t\t<\/div>\n\t\t<\/section>\n\t\t\t\t<section class=\"elementor-section elementor-top-section elementor-element elementor-element-4ccb5e9 elementor-section-boxed elementor-section-height-default elementor-section-height-default\" data-id=\"4ccb5e9\" data-element_type=\"section\" data-e-type=\"section\">\n\t\t\t\t\t\t<div class=\"elementor-container elementor-column-gap-default\">\n\t\t\t\t\t<div class=\"elementor-column elementor-col-100 elementor-top-column elementor-element elementor-element-dd885cb\" data-id=\"dd885cb\" data-element_type=\"column\" data-e-type=\"column\">\n\t\t\t<div class=\"elementor-widget-wrap elementor-element-populated\">\n\t\t\t\t\t\t<div class=\"elementor-element elementor-element-ba98ce1 elementor-widget elementor-widget-text-editor\" data-id=\"ba98ce1\" data-element_type=\"widget\" data-e-type=\"widget\" data-widget_type=\"text-editor.default\">\n\t\t\t\t<div class=\"elementor-widget-container\">\n\t\t\t\t\t\t\t\t\t<p>Dies ist der Prozess, welcher die Entscheidung beinhaltet, ob ein Bauteil extern gekauft oder von dem Team selbst hergestellt werden soll. Hier werden die Vor- und Nachteile dieser beiden Optionen f\u00fcr die betreffende Komponente zusammengetragen und am Ende ausgewertet. Daf\u00fcr werden zuerst die Anforderungen definiert und sich L\u00f6sungen f\u00fcr die \u00fcberlegt. Diese werden dann analysiert und in gegeben falls in mehreren aufeinander folgende Iterationen ausgewertet. Gr\u00fcnde f\u00fcr eine eigene Fertigung k\u00f6nnten beispielsweise die Kosten, die eigene Qualit\u00e4tskontrolle, die Lieferzeit, Abh\u00e4ngigkeiten oder Bedenken zu geistigem Eigentum sein. Dem gegen\u00fcber stehen Gr\u00fcnde wie Zeitersparnis, Erfahrung, gro\u00dfe St\u00fcckzahlen oder unzureichende Kapazit\u00e4ten.\u00a0\u00a0<\/p><p>Au\u00dferdem spielt die Fertigungsmethode selbst eine Rolle. Gerade in einer eigenen Fertigung k\u00f6nnen wir die Nachhaltigkeit selbst kontrollieren und beispielsweise unsere Carbonreste einer weiteren Nutzung zuzuf\u00fchren und somit eine m\u00f6glichst hohe Ressourceneffizienz erreichen. Dies kann weiter durch vorgegebene Arbeitsabl\u00e4ufen unterst\u00fctzt werden, welche ein vorrausschauendes Handeln unterst\u00fctzen und Reste reduzieren. Weiter versuchen wir schon bei der Konstruktion, eine m\u00f6glichst restefreie Fertigungsmethode zu w\u00e4hlen und nutzen unsere unvermeidbaren Abf\u00e4lle f\u00fcr weitere Zwecke. Das Forged Carbon kann hier genannt werden, da wir als Ausgangprodukt unsere Reste der Carbonproduktion verwenden Eine korrekte Entsorgung steht am Ende eines verantwortungsvollen Arbeitens und wird von uns durch Leitlinien eingefordert.\u00a0<\/p>\t\t\t\t\t\t\t\t<\/div>\n\t\t\t\t<\/div>\n\t\t\t\t\t<\/div>\n\t\t<\/div>\n\t\t\t\t\t<\/div>\n\t\t<\/section>\n\t\t\t\t<section class=\"elementor-section elementor-top-section elementor-element elementor-element-a0519bb elementor-section-boxed elementor-section-height-default elementor-section-height-default\" data-id=\"a0519bb\" data-element_type=\"section\" data-e-type=\"section\">\n\t\t\t\t\t\t<div class=\"elementor-container elementor-column-gap-default\">\n\t\t\t\t\t<div class=\"elementor-column elementor-col-100 elementor-top-column elementor-element elementor-element-1e0e58f\" data-id=\"1e0e58f\" data-element_type=\"column\" data-e-type=\"column\" data-settings=\"{&quot;background_background&quot;:&quot;classic&quot;}\">\n\t\t\t<div class=\"elementor-widget-wrap elementor-element-populated\">\n\t\t\t\t\t\t<div class=\"elementor-element elementor-element-e7ce965 elementor-widget elementor-widget-heading\" data-id=\"e7ce965\" data-element_type=\"widget\" data-e-type=\"widget\" data-widget_type=\"heading.default\">\n\t\t\t\t<div class=\"elementor-widget-container\">\n\t\t\t\t\t<h2 class=\"elementor-heading-title elementor-size-default\">Everything on the topic of sustainability<\/h2>\t\t\t\t<\/div>\n\t\t\t\t<\/div>\n\t\t\t\t<div class=\"elementor-element elementor-element-4b3324b elementor-posts--align-center elementor-grid-3 elementor-grid-tablet-2 elementor-grid-mobile-1 elementor-posts--thumbnail-top elementor-card-shadow-yes elementor-posts__hover-gradient elementor-widget elementor-widget-posts\" data-id=\"4b3324b\" data-element_type=\"widget\" data-e-type=\"widget\" data-settings=\"{&quot;cards_row_gap&quot;:{&quot;unit&quot;:&quot;px&quot;,&quot;size&quot;:30,&quot;sizes&quot;:[]},&quot;cards_columns&quot;:&quot;3&quot;,&quot;cards_columns_tablet&quot;:&quot;2&quot;,&quot;cards_columns_mobile&quot;:&quot;1&quot;,&quot;cards_row_gap_tablet&quot;:{&quot;unit&quot;:&quot;px&quot;,&quot;size&quot;:&quot;&quot;,&quot;sizes&quot;:[]},&quot;cards_row_gap_mobile&quot;:{&quot;unit&quot;:&quot;px&quot;,&quot;size&quot;:&quot;&quot;,&quot;sizes&quot;:[]}}\" data-widget_type=\"posts.cards\">\n\t\t\t\t<div class=\"elementor-widget-container\">\n\t\t\t\t\t\t\t<div class=\"elementor-posts-container elementor-posts elementor-posts--skin-cards elementor-grid\" role=\"list\">\n\t\t\t\t<article class=\"elementor-post elementor-grid-item post-3227 page type-page status-publish has-post-thumbnail hentry\" role=\"listitem\">\n\t\t\t<div class=\"elementor-post__card\">\n\t\t\t\t<a class=\"elementor-post__thumbnail__link\" href=\"https:\/\/brsmotorsport.de\/en\/nachhaltigkeit\/\" tabindex=\"-1\" ><div class=\"elementor-post__thumbnail\"><img decoding=\"async\" width=\"800\" height=\"534\" src=\"https:\/\/brsmotorsport.de\/wp-content\/uploads\/2022\/08\/DGP5544-1024x683.jpg\" class=\"attachment-large size-large wp-image-3271\" alt=\"\" srcset=\"https:\/\/brsmotorsport.de\/wp-content\/uploads\/2022\/08\/DGP5544-1024x683.jpg 1024w, https:\/\/brsmotorsport.de\/wp-content\/uploads\/2022\/08\/DGP5544-300x200.jpg 300w, https:\/\/brsmotorsport.de\/wp-content\/uploads\/2022\/08\/DGP5544-768x512.jpg 768w, https:\/\/brsmotorsport.de\/wp-content\/uploads\/2022\/08\/DGP5544-1536x1025.jpg 1536w, https:\/\/brsmotorsport.de\/wp-content\/uploads\/2022\/08\/DGP5544-2048x1366.jpg 2048w\" sizes=\"(max-width: 800px) 100vw, 800px\" \/><\/div><\/a>\n\t\t\t\t<div class=\"elementor-post__text\">\n\t\t\t\t<h3 class=\"elementor-post__title\">\n\t\t\t<a href=\"https:\/\/brsmotorsport.de\/en\/nachhaltigkeit\/\" >\n\t\t\t\tSustainability\t\t\t<\/a>\n\t\t<\/h3>\n\t\t\t\t<\/div>\n\t\t\t\t\t<\/div>\n\t\t<\/article>\n\t\t\t\t<article class=\"elementor-post elementor-grid-item post-3242 page type-page status-publish has-post-thumbnail hentry\" role=\"listitem\">\n\t\t\t<div class=\"elementor-post__card\">\n\t\t\t\t<a class=\"elementor-post__thumbnail__link\" href=\"https:\/\/brsmotorsport.de\/en\/zusammenarbeit-mit-der-hochschule\/\" tabindex=\"-1\" ><div class=\"elementor-post__thumbnail\"><img decoding=\"async\" width=\"683\" height=\"1024\" src=\"https:\/\/brsmotorsport.de\/wp-content\/uploads\/2022\/08\/DGP5392-683x1024.jpg\" class=\"attachment-large size-large wp-image-3448\" alt=\"\" srcset=\"https:\/\/brsmotorsport.de\/wp-content\/uploads\/2022\/08\/DGP5392-683x1024.jpg 683w, https:\/\/brsmotorsport.de\/wp-content\/uploads\/2022\/08\/DGP5392-200x300.jpg 200w, https:\/\/brsmotorsport.de\/wp-content\/uploads\/2022\/08\/DGP5392-768x1151.jpg 768w, https:\/\/brsmotorsport.de\/wp-content\/uploads\/2022\/08\/DGP5392-1025x1536.jpg 1025w, https:\/\/brsmotorsport.de\/wp-content\/uploads\/2022\/08\/DGP5392-1366x2048.jpg 1366w, https:\/\/brsmotorsport.de\/wp-content\/uploads\/2022\/08\/DGP5392-scaled.jpg 1708w\" sizes=\"(max-width: 683px) 100vw, 683px\" \/><\/div><\/a>\n\t\t\t\t<div class=\"elementor-post__text\">\n\t\t\t\t<h3 class=\"elementor-post__title\">\n\t\t\t<a href=\"https:\/\/brsmotorsport.de\/en\/zusammenarbeit-mit-der-hochschule\/\" >\n\t\t\t\tCooperation with the university\t\t\t<\/a>\n\t\t<\/h3>\n\t\t\t\t<\/div>\n\t\t\t\t\t<\/div>\n\t\t<\/article>\n\t\t\t\t<article class=\"elementor-post elementor-grid-item post-3290 page type-page status-publish has-post-thumbnail hentry\" role=\"listitem\">\n\t\t\t<div class=\"elementor-post__card\">\n\t\t\t\t<a class=\"elementor-post__thumbnail__link\" href=\"https:\/\/brsmotorsport.de\/en\/nachhaltigkeit-in-der-formula-student\/\" tabindex=\"-1\" ><div class=\"elementor-post__thumbnail\"><img loading=\"lazy\" decoding=\"async\" width=\"800\" height=\"534\" src=\"https:\/\/brsmotorsport.de\/wp-content\/uploads\/2022\/08\/DGP7537-1024x683.jpg\" class=\"attachment-large size-large wp-image-3444\" alt=\"\" srcset=\"https:\/\/brsmotorsport.de\/wp-content\/uploads\/2022\/08\/DGP7537-1024x683.jpg 1024w, https:\/\/brsmotorsport.de\/wp-content\/uploads\/2022\/08\/DGP7537-300x200.jpg 300w, https:\/\/brsmotorsport.de\/wp-content\/uploads\/2022\/08\/DGP7537-768x512.jpg 768w, https:\/\/brsmotorsport.de\/wp-content\/uploads\/2022\/08\/DGP7537-1536x1025.jpg 1536w, https:\/\/brsmotorsport.de\/wp-content\/uploads\/2022\/08\/DGP7537-2048x1366.jpg 2048w\" sizes=\"(max-width: 800px) 100vw, 800px\" \/><\/div><\/a>\n\t\t\t\t<div class=\"elementor-post__text\">\n\t\t\t\t<h3 class=\"elementor-post__title\">\n\t\t\t<a href=\"https:\/\/brsmotorsport.de\/en\/nachhaltigkeit-in-der-formula-student\/\" >\n\t\t\t\tSustainability in Formula Student\t\t\t<\/a>\n\t\t<\/h3>\n\t\t\t\t<\/div>\n\t\t\t\t\t<\/div>\n\t\t<\/article>\n\t\t\t\t<\/div>\n\t\t\n\t\t\t\t\t\t<\/div>\n\t\t\t\t<\/div>\n\t\t\t\t\t<\/div>\n\t\t<\/div>\n\t\t\t\t\t<\/div>\n\t\t<\/section>\n\t\t\t\t<\/div>","protected":false},"excerpt":{"rendered":"<p>Wie dr\u00fcckt sich Nachhaltigkeit in unserer Arbeit aus? Das Team hat sich einen Workflow ausgearbeitet, mit welchem verschiedene Aspekte (u.a. rund um das Thema Nachhaltigkeit,<\/p>","protected":false},"author":17,"featured_media":3442,"parent":0,"menu_order":0,"comment_status":"closed","ping_status":"closed","template":"elementor_theme","meta":{"footnotes":""},"class_list":["post-3303","page","type-page","status-publish","has-post-thumbnail","hentry"],"_links":{"self":[{"href":"https:\/\/brsmotorsport.de\/en\/wp-json\/wp\/v2\/pages\/3303","targetHints":{"allow":["GET"]}}],"collection":[{"href":"https:\/\/brsmotorsport.de\/en\/wp-json\/wp\/v2\/pages"}],"about":[{"href":"https:\/\/brsmotorsport.de\/en\/wp-json\/wp\/v2\/types\/page"}],"author":[{"embeddable":true,"href":"https:\/\/brsmotorsport.de\/en\/wp-json\/wp\/v2\/users\/17"}],"replies":[{"embeddable":true,"href":"https:\/\/brsmotorsport.de\/en\/wp-json\/wp\/v2\/comments?post=3303"}],"version-history":[{"count":29,"href":"https:\/\/brsmotorsport.de\/en\/wp-json\/wp\/v2\/pages\/3303\/revisions"}],"predecessor-version":[{"id":3479,"href":"https:\/\/brsmotorsport.de\/en\/wp-json\/wp\/v2\/pages\/3303\/revisions\/3479"}],"wp:featuredmedia":[{"embeddable":true,"href":"https:\/\/brsmotorsport.de\/en\/wp-json\/wp\/v2\/media\/3442"}],"wp:attachment":[{"href":"https:\/\/brsmotorsport.de\/en\/wp-json\/wp\/v2\/media?parent=3303"}],"curies":[{"name":"wp","href":"https:\/\/api.w.org\/{rel}","templated":true}]}}