{"id":111,"date":"2018-11-28T09:59:26","date_gmt":"2018-11-28T08:59:26","guid":{"rendered":"\/\/localhost:3000\/?page_id=26"},"modified":"2021-11-06T13:04:45","modified_gmt":"2021-11-06T12:04:45","slug":"rennfahrzeuge","status":"publish","type":"page","link":"https:\/\/brsmotorsport.de\/en\/rennfahrzeuge\/","title":{"rendered":"Rennfahrzeuge"},"content":{"rendered":"<p>[vc_row css=&#8220;.vc_custom_1547325489407{margin-top: 0px !important;margin-bottom: 0px !important;padding-top: 0px !important;padding-bottom: 0px !important;}&#8220;][vc_column width=&#8220;2\/3&#8243; css=&#8220;.vc_custom_1547325383735{margin-top: 0px !important;margin-bottom: 0px !important;border-bottom-width: 0px !important;padding-top: 0px !important;padding-bottom: 0px !important;}&#8220;][vc_column_text css=&#8220;.vc_custom_1635955678903{margin-top: 0px !important;margin-bottom: 0px !important;border-top-width: 0px !important;border-bottom-width: 0px !important;padding-top: 0px !important;padding-bottom: 0px !important;}&#8220;]<\/p>\n<header>\n<h1 class=\"title\">G21e &#8211; Luna<\/h1>\n<\/header>\n<p>[\/vc_column_text][vc_empty_space height=&#8220;20px&#8220;][vc_custom_heading text=&#8220;Der G21e &#8211; &#8222;Luna&#8222; ist der siebte Elektro-Rennwagen des BRS Motorsport Teams. Durch die Corona-Pandemie wurde Luna \u00fcber zwei Jahre gebaut und entwickelt. \u00c4hnlich zum G19e waren auch bei ihr die Hauptziele Zuverl\u00e4ssigkeit und Fahrbarkeit.<\/p>\n<p>Der Monocoque-Kern besteht fast komplett aus Aluwaben und durch ein neues Invertergeh\u00e4use, sowie ein Neues Akkugeh\u00e4use wird eine bessere K\u00fchlung erreicht. Im elektrischen Bereich arbeitet Luna mit einem 24 Volt Bordstromnetz, welches komplett selbst entwickelte Platinen speist. Fahrdynamisch sind einige Regelungssysteme neu an Bord, welche mithilfe von Traktionskontrolle, Torque Vectoring, Reichweitenregelung und Bremspunktestimierung, den Fahrer umfangreich unterst\u00fctzen. In der Aerodynamik wurden mit einem Frontfl\u00fcgel schon die ersten Vorbereitungen f\u00fcr einen Unterboden mit Diffusor getroffen.&#8220; font_container=&#8220;tag:div|font_size:18|text_align:left&#8220; google_fonts=&#8220;font_family:PT%20Sans%3Aregular%2Citalic%2C700%2C700italic|font_style:400%20regular%3A400%3Anormal&#8220;][vc_empty_space height=&#8220;30px&#8220;][\/vc_column][vc_column width=&#8220;1\/3&#8243; css=&#8220;.vc_custom_1547477980167{margin-top: 18px !important;padding-right: 15px !important;}&#8220;][vc_btn title=&#8220;Simulator&#8220; style=&#8220;outline&#8220; color=&#8220;info&#8220; size=&#8220;lg&#8220; align=&#8220;center&#8220; i_icon_fontawesome=&#8220;fa fa-car&#8220; add_icon=&#8220;true&#8220; link=&#8220;url:http%3A%2F%2Fbrsmotorsport.de%2Fsimulator||target:%20_blank|&#8220;][vc_video link=&#8220;https:\/\/youtu.be\/KuxiB-mzHMY&#8220;][\/vc_column][\/vc_row][vc_row][vc_column css=&#8220;.vc_custom_1547478149281{margin-bottom: 30px !important;background-color: rgba(93,127,153,0.13) !important;*background-color: rgb(93,127,153) !important;}&#8220;][brsm_carpreview is_slider=&#8220;true&#8220; show_data=&#8220;true&#8220;][\/vc_column][\/vc_row][vc_row][vc_column][\/vc_column][\/vc_row]<\/p>\n","protected":false},"excerpt":{"rendered":"<p>[vc_row css=&#8220;.vc_custom_1547325489407{margin-top: 0px !important;margin-bottom: 0px !important;padding-top: 0px !important;padding-bottom: 0px !important;}&#8220;][vc_column width=&#8220;2\/3&#8243; css=&#8220;.vc_custom_1547325383735{margin-top: 0px !important;margin-bottom: 0px !important;border-bottom-width: 0px !important;padding-top: 0px !important;padding-bottom: 0px !important;}&#8220;][vc_column_text css=&#8220;.vc_custom_1635955678903{margin-top: 0px !important;margin-bottom: 0px !important;border-top-width: 0px !important;border-bottom-width: 0px !important;padding-top: 0px !important;padding-bottom: 0px !important;}&#8220;] G21e &#8211; Luna [\/vc_column_text][vc_empty_space height=&#8220;20px&#8220;][vc_custom_heading text=&#8220;Der G21e &#8211; &#8222;Luna&#8222; ist der siebte Elektro-Rennwagen des BRS Motorsport Teams. Durch die Corona-Pandemie [&hellip;]<\/p>\n","protected":false},"author":3,"featured_media":2112,"parent":0,"menu_order":3,"comment_status":"closed","ping_status":"closed","template":"","meta":{"footnotes":""},"class_list":["post-111","page","type-page","status-publish","has-post-thumbnail","hentry"],"_links":{"self":[{"href":"https:\/\/brsmotorsport.de\/en\/wp-json\/wp\/v2\/pages\/111","targetHints":{"allow":["GET"]}}],"collection":[{"href":"https:\/\/brsmotorsport.de\/en\/wp-json\/wp\/v2\/pages"}],"about":[{"href":"https:\/\/brsmotorsport.de\/en\/wp-json\/wp\/v2\/types\/page"}],"author":[{"embeddable":true,"href":"https:\/\/brsmotorsport.de\/en\/wp-json\/wp\/v2\/users\/3"}],"replies":[{"embeddable":true,"href":"https:\/\/brsmotorsport.de\/en\/wp-json\/wp\/v2\/comments?post=111"}],"version-history":[{"count":50,"href":"https:\/\/brsmotorsport.de\/en\/wp-json\/wp\/v2\/pages\/111\/revisions"}],"predecessor-version":[{"id":2282,"href":"https:\/\/brsmotorsport.de\/en\/wp-json\/wp\/v2\/pages\/111\/revisions\/2282"}],"wp:featuredmedia":[{"embeddable":true,"href":"https:\/\/brsmotorsport.de\/en\/wp-json\/wp\/v2\/media\/2112"}],"wp:attachment":[{"href":"https:\/\/brsmotorsport.de\/en\/wp-json\/wp\/v2\/media?parent=111"}],"curies":[{"name":"wp","href":"https:\/\/api.w.org\/{rel}","templated":true}]}}